{"id":446,"date":"2022-05-19T10:32:12","date_gmt":"2022-05-19T08:32:12","guid":{"rendered":"https:\/\/monassurancechasse.fr\/chasse-31\/?post_type=product&#038;p=446"},"modified":"2022-05-25T12:12:44","modified_gmt":"2022-05-25T10:12:44","slug":"protection-juridique","status":"publish","type":"product","link":"https:\/\/monassurancechasse.fr\/chasse-31\/produit\/protection-juridique\/","title":{"rendered":"Protection juridique des soci\u00e9t\u00e9s de chasse"},"content":{"rendered":"","protected":false},"excerpt":{"rendered":"<p>Ce contrat permet :<\/p>\n<ul>\n<li>D\u2019assumer la d\u00e9fense des Associations et Groupements des Acteurs B\u00e9n\u00e9voles de la Chasse (ACCA, AICA, SOCIETES, GROUPEMENTS DE LOUVETIERS ET ADGCP) assur\u00e9s par l\u2019interm\u00e9diaire du Cabinet BANK, de leurs Dirigeants, Membres du Bureau et Charg\u00e9s de Missions lorsqu\u2019ils sont mis en cause ou assign\u00e9s en raison de leur activit\u00e9 associative.<\/li>\n<li>De r\u00e9clamer r\u00e9parations des pr\u00e9judices mat\u00e9riels qu\u2019ils ont subis.<\/li>\n<li>Sont toujours exclus : les faits intentionnels ou dolosifs, les manquements d\u00e9lib\u00e9r\u00e9s aux textes l\u00e9gaux.<\/li>\n<li>Demeurent \u00e9galement en dehors du champ du contrat les proc\u00e9dures qui rel\u00e8vent de l\u2019action \u00abpolitique\u00bb de vos F\u00e9d\u00e9rations ou Instances Nationales (exemple volont\u00e9 de contester, en dehors de tout pr\u00e9judice directement subi, un d\u00e9cret ou une Loi) et les actions relevant, normalement, du contrat d\u2019assurances \u00abRC\u00bb.<br \/>\n(Les frais d\u2019avocats et de proc\u00e9dure sont pris en compte selon un bar\u00e8me pr\u00e9\u00e9tabli, vous recevrez un exemplaire complet des conditions du contrat).<\/li>\n<\/ul>\n<p><b>Contrat groupe souscrit aupr\u00e8s de CFDP sous le n\u00b0 CHA1PJ2022\/23<\/b><\/p>\n","protected":false},"featured_media":453,"template":"","meta":[],"class_list":{"0":"post-446","1":"product","2":"type-product","3":"status-publish","4":"has-post-thumbnail","6":"product_cat-protection-juridique","8":"first","9":"instock","10":"shipping-taxable","11":"purchasable","12":"product-type-variable"},"_links":{"self":[{"href":"https:\/\/monassurancechasse.fr\/chasse-31\/wp-json\/wp\/v2\/product\/446","targetHints":{"allow":["GET"]}}],"collection":[{"href":"https:\/\/monassurancechasse.fr\/chasse-31\/wp-json\/wp\/v2\/product"}],"about":[{"href":"https:\/\/monassurancechasse.fr\/chasse-31\/wp-json\/wp\/v2\/types\/product"}],"wp:featuredmedia":[{"embeddable":true,"href":"https:\/\/monassurancechasse.fr\/chasse-31\/wp-json\/wp\/v2\/media\/453"}],"wp:attachment":[{"href":"https:\/\/monassurancechasse.fr\/chasse-31\/wp-json\/wp\/v2\/media?parent=446"}],"curies":[{"name":"wp","href":"https:\/\/api.w.org\/{rel}","templated":true}]}}