{"id":31,"date":"2020-05-28T11:30:09","date_gmt":"2020-05-28T09:30:09","guid":{"rendered":"https:\/\/monassurancechasse.fr\/chasse-31\/?page_id=31"},"modified":"2024-04-19T12:23:47","modified_gmt":"2024-04-19T10:23:47","slug":"formulaire-de-sinistre","status":"publish","type":"page","link":"https:\/\/monassurancechasse.fr\/chasse-31\/formulaire-de-sinistre\/","title":{"rendered":"Formulaire de sinistre"},"content":{"rendered":"<h3><strong>Formulaire pr\u00e9-d\u00e9claration de sinistre<\/strong><\/h3>\n<p>&nbsp;<\/p>\n<p>Pi\u00e8ces obligatoires \u00e0 nous transmettre:<\/p>\n<ul>\n<li>Imprim\u00e9 de d\u00e9claration (<a href=\"https:\/\/monassurancechasse.fr\/chasse-31\/wp-content\/uploads\/2024\/04\/imprime\u0301-De\u0301claration-Sinistre-CHASSE.pdf\" rel=\"noopener noreferrer\" target=\"_blank\">t\u00e9l\u00e9chargez le ici<\/a>)<\/li>\n<li>RIB<\/li>\n<li>Facture du v\u00e9t\u00e9rinaire avec nom et identification du chien<\/li>\n<\/ul>\n<div role=\"form\" class=\"wpcf7\" id=\"wpcf7-f109-o1\" lang=\"fr-FR\" dir=\"ltr\">\n<div class=\"screen-reader-response\" aria-live=\"polite\"><\/div>\n<form action=\"\/chasse-31\/wp-json\/wp\/v2\/pages\/31#wpcf7-f109-o1\" method=\"post\" class=\"wpcf7-form\" enctype=\"multipart\/form-data\" novalidate=\"novalidate\">\n<div style=\"display: none;\">\n<input type=\"hidden\" name=\"_wpcf7\" value=\"109\" \/>\n<input type=\"hidden\" name=\"_wpcf7_version\" value=\"5.1.9\" \/>\n<input type=\"hidden\" name=\"_wpcf7_locale\" value=\"fr_FR\" \/>\n<input type=\"hidden\" name=\"_wpcf7_unit_tag\" value=\"wpcf7-f109-o1\" \/>\n<input type=\"hidden\" name=\"_wpcf7_container_post\" value=\"0\" \/>\n<\/div>\n<p><label> Votre pr\u00e9nom (obligatoire)<br \/>\n    <span class=\"wpcf7-form-control-wrap Votreprom\"><input type=\"text\" name=\"Votreprom\" value=\"\" size=\"40\" class=\"wpcf7-form-control wpcf7-text wpcf7-validates-as-required\" aria-required=\"true\" aria-invalid=\"false\" \/><\/span> <\/label><\/p>\n<p><label> Votre nom (obligatoire)<br \/>\n    <span class=\"wpcf7-form-control-wrap your-name\"><input type=\"text\" name=\"your-name\" value=\"\" size=\"40\" class=\"wpcf7-form-control wpcf7-text wpcf7-validates-as-required\" aria-required=\"true\" aria-invalid=\"false\" \/><\/span> <\/label><\/p>\n<p><label> Votre adresse de messagerie (obligatoire)<br \/>\n    <span class=\"wpcf7-form-control-wrap your-email\"><input type=\"email\" name=\"your-email\" value=\"\" size=\"40\" class=\"wpcf7-form-control wpcf7-text wpcf7-email wpcf7-validates-as-required wpcf7-validates-as-email\" aria-required=\"true\" aria-invalid=\"false\" \/><\/span> <\/label><\/p>\n<p><label> Fichier : <span class=\"wpcf7-form-control-wrap Fichier\"><input type=\"file\" name=\"Fichier\" size=\"40\" class=\"wpcf7-form-control wpcf7-file\" accept=\".jpg,.jpeg,.png,.gif,.pdf,.doc,.docx,.ppt,.pptx,.odt,.avi,.ogg,.m4a,.mov,.mp3,.mp4,.mpg,.wav,.wmv\" aria-invalid=\"false\" \/><\/span> <\/label><\/p>\n<p><label> Adresse (obligatoire)<br \/>\n <span class=\"wpcf7-form-control-wrap adresse\"><input type=\"text\" name=\"adresse\" value=\"\" size=\"40\" class=\"wpcf7-form-control wpcf7-text wpcf7-validates-as-required\" aria-required=\"true\" aria-invalid=\"false\" \/><\/span>    <\/label><\/p>\n<p><label> Code postal (obligatoire)<br \/>\n<span class=\"wpcf7-form-control-wrap Codepostal\"><input type=\"text\" name=\"Codepostal\" value=\"\" size=\"40\" class=\"wpcf7-form-control wpcf7-text wpcf7-validates-as-required\" aria-required=\"true\" aria-invalid=\"false\" \/><\/span>    <\/label><\/p>\n<p><label> Ville (obligatoire)<br \/>\n<span class=\"wpcf7-form-control-wrap Ville\"><input type=\"text\" name=\"Ville\" value=\"\" size=\"40\" class=\"wpcf7-form-control wpcf7-text wpcf7-validates-as-required\" aria-required=\"true\" aria-invalid=\"false\" \/><\/span>    <\/label><\/p>\n<p><label> Description de votre sinistre<br \/>\n    <span class=\"wpcf7-form-control-wrap your-message\"><textarea name=\"your-message\" cols=\"40\" rows=\"10\" class=\"wpcf7-form-control wpcf7-textarea\" aria-invalid=\"false\"><\/textarea><\/span> <\/label><\/p>\n<p><span class=\"wpcf7-form-control-wrap acceptance-324\"><span class=\"wpcf7-form-control wpcf7-acceptance\"><span class=\"wpcf7-list-item\"><input type=\"checkbox\" name=\"acceptance-324\" value=\"1\" aria-invalid=\"false\" \/><\/span><\/span><\/span> En compl\u00e9tant le formulaire, vous acceptez que nous traitions vos donn\u00e9es personnelles pour r\u00e9pondre \u00e0 vos demandes. Pour plus d'informations, consultez la politique de protection de la vie priv\u00e9e.*<\/p>\n<p><input type=\"submit\" value=\"Envoyer\" class=\"wpcf7-form-control wpcf7-submit\" \/><\/p>\n<div class=\"wpcf7-response-output wpcf7-display-none\" aria-hidden=\"true\"><\/div><\/form><\/div>\n","protected":false},"excerpt":{"rendered":"<p>Formulaire pr\u00e9-d\u00e9claration de sinistre &nbsp; Pi\u00e8ces obligatoires \u00e0 nous transmettre: Imprim\u00e9 de d\u00e9claration (t\u00e9l\u00e9chargez le ici) RIB Facture du v\u00e9t\u00e9rinaire avec nom et identification du chien<\/p>\n","protected":false},"author":1,"featured_media":0,"parent":0,"menu_order":0,"comment_status":"closed","ping_status":"closed","template":"","meta":{"footnotes":""},"class_list":["post-31","page","type-page","status-publish","hentry"],"_links":{"self":[{"href":"https:\/\/monassurancechasse.fr\/chasse-31\/wp-json\/wp\/v2\/pages\/31","targetHints":{"allow":["GET"]}}],"collection":[{"href":"https:\/\/monassurancechasse.fr\/chasse-31\/wp-json\/wp\/v2\/pages"}],"about":[{"href":"https:\/\/monassurancechasse.fr\/chasse-31\/wp-json\/wp\/v2\/types\/page"}],"author":[{"embeddable":true,"href":"https:\/\/monassurancechasse.fr\/chasse-31\/wp-json\/wp\/v2\/users\/1"}],"replies":[{"embeddable":true,"href":"https:\/\/monassurancechasse.fr\/chasse-31\/wp-json\/wp\/v2\/comments?post=31"}],"version-history":[{"count":10,"href":"https:\/\/monassurancechasse.fr\/chasse-31\/wp-json\/wp\/v2\/pages\/31\/revisions"}],"predecessor-version":[{"id":1004,"href":"https:\/\/monassurancechasse.fr\/chasse-31\/wp-json\/wp\/v2\/pages\/31\/revisions\/1004"}],"wp:attachment":[{"href":"https:\/\/monassurancechasse.fr\/chasse-31\/wp-json\/wp\/v2\/media?parent=31"}],"curies":[{"name":"wp","href":"https:\/\/api.w.org\/{rel}","templated":true}]}}