{"id":28,"date":"2020-05-28T11:29:41","date_gmt":"2020-05-28T09:29:41","guid":{"rendered":"https:\/\/monassurancechasse.fr\/chasse-31\/?page_id=28"},"modified":"2025-05-19T18:24:34","modified_gmt":"2025-05-19T16:24:34","slug":"documentation","status":"publish","type":"page","link":"https:\/\/monassurancechasse.fr\/chasse-31\/documentation\/","title":{"rendered":"Documentation"},"content":{"rendered":"<p>Voici la liste des documents. Toute souscription vaut acceptation de ces documents\u200b<\/p>\n<ul>\n<li><a href=\"https:\/\/monassurancechasse.fr\/chasse-31\/wp-content\/uploads\/2025\/05\/CG-RCCH_Assurance-Chasse_ELKYIA.pdf\" target=\"_blank\" rel=\"noopener noreferrer\">Conditions G\u00e9n\u00e9rales Assurance de Responsabilit\u00e9 Civile Chasse<\/a><\/li>\n<li><a href=\"https:\/\/monassurancechasse.fr\/chasse-31\/wp-content\/uploads\/2025\/05\/CP-MIC-ELKYIA.pdf\" target=\"_blank\" rel=\"noopener noreferrer\">CONDITIONS PARTICULI\u00c8RES Assurance Responsabilit\u00e9 Civile Chasse\u00a0<\/a><\/li>\n<li><a href=\"https:\/\/monassurancechasse.fr\/chasse-31\/wp-content\/uploads\/2025\/05\/IPID_Assurance-Chasse_ELKYIA.pdf\" target=\"_blank\" rel=\"noopener noreferrer\">IPID Assurance Chasse individuelle<\/a><\/li>\n<\/ul>\n","protected":false},"excerpt":{"rendered":"<p>Voici la liste des documents. Toute souscription vaut acceptation de ces documents\u200b Conditions G\u00e9n\u00e9rales Assurance de Responsabilit\u00e9 Civile Chasse CONDITIONS PARTICULI\u00c8RES Assurance Responsabilit\u00e9 Civile Chasse\u00a0 IPID Assurance Chasse individuelle<\/p>\n","protected":false},"author":1,"featured_media":0,"parent":0,"menu_order":0,"comment_status":"closed","ping_status":"closed","template":"","meta":{"footnotes":""},"class_list":["post-28","page","type-page","status-publish","hentry"],"_links":{"self":[{"href":"https:\/\/monassurancechasse.fr\/chasse-31\/wp-json\/wp\/v2\/pages\/28","targetHints":{"allow":["GET"]}}],"collection":[{"href":"https:\/\/monassurancechasse.fr\/chasse-31\/wp-json\/wp\/v2\/pages"}],"about":[{"href":"https:\/\/monassurancechasse.fr\/chasse-31\/wp-json\/wp\/v2\/types\/page"}],"author":[{"embeddable":true,"href":"https:\/\/monassurancechasse.fr\/chasse-31\/wp-json\/wp\/v2\/users\/1"}],"replies":[{"embeddable":true,"href":"https:\/\/monassurancechasse.fr\/chasse-31\/wp-json\/wp\/v2\/comments?post=28"}],"version-history":[{"count":40,"href":"https:\/\/monassurancechasse.fr\/chasse-31\/wp-json\/wp\/v2\/pages\/28\/revisions"}],"predecessor-version":[{"id":1195,"href":"https:\/\/monassurancechasse.fr\/chasse-31\/wp-json\/wp\/v2\/pages\/28\/revisions\/1195"}],"wp:attachment":[{"href":"https:\/\/monassurancechasse.fr\/chasse-31\/wp-json\/wp\/v2\/media?parent=28"}],"curies":[{"name":"wp","href":"https:\/\/api.w.org\/{rel}","templated":true}]}}