{"id":175,"date":"2020-06-11T18:43:31","date_gmt":"2020-06-11T16:43:31","guid":{"rendered":"https:\/\/monassurancechasse.fr\/chasse-31\/?page_id=175"},"modified":"2022-05-18T09:20:09","modified_gmt":"2022-05-18T07:20:09","slug":"mentions-legales","status":"publish","type":"page","link":"https:\/\/monassurancechasse.fr\/chasse-31\/mentions-legales\/","title":{"rendered":"Mentions l\u00e9gales"},"content":{"rendered":"<p>PROTECTION DES DONNEES CARACTERE PERSONNEL<\/p>\n<p>BANK, CLC International Assurances (et ses filiales) accordent une grande importance \u00e0 la protection et la s\u00e9curit\u00e9 des donn\u00e9es sous leur responsabilit\u00e9 et a, \u00e0 ce titre, d\u00e9termin\u00e9 sa politique relative \u00e0 la protection des donn\u00e9es personnelles accessible dans la notice mise en ligne sur son site internet :<br \/>\nhttps:\/\/www.clcassurances.com\/fr\/donnees-personnelles.html BANK, CLC International Assurances et ses filiales, en leur qualit\u00e9 de Responsable de traitement, sont amen\u00e9s dans le cadre de l\u2019\u00e9tude de la demande de contrat d\u2019assurance ou de capitalisation et de l\u2019ex\u00e9cution du Contrat \u00e0 collecter des donn\u00e9es personnelles relatives aux parties et autres personnes concern\u00e9es par le contrat. BANK, CLC International Assurances et ses filiales s\u2019engagent \u00e0 ce titre \u00e0 se conformer, et \u00e0 faire respecter par ses collaborateurs et sous-traitants, la l\u00e9gislation aff\u00e9rente en vigueur, notamment la loi 78-17 modifi\u00e9e. Ces donn\u00e9es sont exclusivement destin\u00e9es \u00e0 BANK, CLC International Assurances et ses filiales, \u00e0 ses partenaires contractuellement li\u00e9s, ainsi que le cas \u00e9ch\u00e9ant, aux autorit\u00e9s administratives et judiciaires. Elles sont conserv\u00e9es pour la plus longue des dur\u00e9es n\u00e9cessaires conform\u00e9ment aux dispositions l\u00e9gales et r\u00e9glementaires applicables. Les parties et autres personnes concern\u00e9es par le contrat b\u00e9n\u00e9ficient d\u2019un droit d\u2019acc\u00e8s, de rectification, d\u2019effacement, de limitation et d\u2019opposition au traitement relatif aux donn\u00e9es les concernant ainsi qu\u2019un droit \u00e0 la portabilit\u00e9, qu\u2019elles peuvent exercer en s\u2019adressant au D\u00e9l\u00e9gu\u00e9 \u00e0 la Protection des Donn\u00e9es de BANK par mail : bank@bankassurances.com et CLC par mail \u00e0 l\u2019adresse risquesetconformite@groupe-clc.com ou par courrier : BANK Service risques et conformit\u00e9 49 all\u00e9es des Demoiselles, CS 20524, 31005 Toulouse Cedex 6 et CLC INTERNATIONAL ASSURANCES \u2013 All\u00e9e de Brazzaville- CS 70189 33882 Villenave d\u2019Ornon CEDEX. S\u2019agissant des donn\u00e9es collect\u00e9es exclusivement dans le cadre de la lutte contre le blanchiment des capitaux et le financement du terrorisme, le droit d\u2019acc\u00e8s s\u2019exerce aupr\u00e8s de la Commission Nationale de l\u2019Informatique et des Libert\u00e9s &#8211; 3 place de Fontenoy &#8211; TSA 80715 &#8211; 75334 Paris Cedex 07.<\/p>\n<p>RECLAMATION<\/p>\n<p>Nous vous recommandons de prendre contact avec notre soci\u00e9t\u00e9, aupr\u00e8s de votre interlocuteur habituel. Vous pouvez \u00e9galement vous adresser par \u00e9crit au service r\u00e9clamation du cabinet BANK:, CS 20524, 31005 Toulouse Cedex 6 ou par mail bank@bankassurances.com<br \/>\nSi un diff\u00e9rend \u00e9ventuel persistait apr\u00e8s la r\u00e9ponse apport\u00e9e, vous avez la possibilit\u00e9 de saisir la M\u00e9diation de l&rsquo;Assurance : TSA 50110 75441 Paris cedex 09 \/ www.mediation-assurance.org<\/p>\n<p>5) Politique de confidentialit\u00e9<\/p>\n<p>Qui sommes-nous ?<br \/>\nL\u2019adresse de notre site Web est :\u00a0 Monassurancechasse.fr<\/p>\n<p>6) Confidentialit\u00e9<\/p>\n<p>D\u00e9claration CNIL : 1799363<br \/>\nConform\u00e9ment \u00e0 la loi n\u00b0 2004-801 du 6 ao\u00fbt 2004 relative \u00e0 la protection des personnes physiques \u00e0 l\u2019\u00e9gard des traitements de donn\u00e9es \u00e0 caract\u00e8re personnel et modifiant la loi n\u00b0 78-17 du 6 janvier 1978 relative \u00e0 l\u2019informatique, aux fichiers et aux libert\u00e9s, vous disposez d\u2019un droit d\u2019acc\u00e8s, de modification, de rectification et de suppression des donn\u00e9es vous concernant. Il vous suffit d\u2019\u00e9crire \u00e0 contact@monassurancechasse.fr<br \/>\nL\u2019utilisateur est notamment inform\u00e9 que, conform\u00e9ment \u00e0 l\u2019article 27 de la Loi Informatique, fichiers et libert\u00e9s du 6 janvier 1978, les informations communiqu\u00e9es par l\u2019utilisateur via les formulaires pr\u00e9sents sur le site, sont n\u00e9cessaires pour r\u00e9pondre \u00e0 sa demande et sont destin\u00e9s \u00e0 l\u2019exploitant du site Web, responsable du traitement, \u00e0 des fins de gestion administrative et commerciale. L\u2019utilisateur est \u00e9galement inform\u00e9 qu\u2019il dispose d\u2019un droit d\u2019acc\u00e8s et de rectification portant sur les donn\u00e9es le concernant en \u00e9crivant \u00e0 l\u2019exploitant du site Web dont l\u2019adresse est la suivante : Cabinet BANK \u2013 CS 20524 \u2013 31005 Toulouse Cedex 6.<\/p>\n","protected":false},"excerpt":{"rendered":"<p>PROTECTION DES DONNEES CARACTERE PERSONNEL BANK, CLC International Assurances (et ses filiales) accordent une grande importance \u00e0 la protection et la s\u00e9curit\u00e9 des donn\u00e9es sous leur responsabilit\u00e9 et a, \u00e0 ce titre, d\u00e9termin\u00e9 sa politique relative \u00e0 la protection des donn\u00e9es personnelles accessible dans la notice mise en ligne sur son site internet : https:\/\/www.clcassurances.com\/fr\/donnees-personnelles.html [&hellip;]<\/p>\n","protected":false},"author":1,"featured_media":0,"parent":0,"menu_order":0,"comment_status":"closed","ping_status":"closed","template":"","meta":{"footnotes":""},"class_list":["post-175","page","type-page","status-publish","hentry"],"_links":{"self":[{"href":"https:\/\/monassurancechasse.fr\/chasse-31\/wp-json\/wp\/v2\/pages\/175","targetHints":{"allow":["GET"]}}],"collection":[{"href":"https:\/\/monassurancechasse.fr\/chasse-31\/wp-json\/wp\/v2\/pages"}],"about":[{"href":"https:\/\/monassurancechasse.fr\/chasse-31\/wp-json\/wp\/v2\/types\/page"}],"author":[{"embeddable":true,"href":"https:\/\/monassurancechasse.fr\/chasse-31\/wp-json\/wp\/v2\/users\/1"}],"replies":[{"embeddable":true,"href":"https:\/\/monassurancechasse.fr\/chasse-31\/wp-json\/wp\/v2\/comments?post=175"}],"version-history":[{"count":3,"href":"https:\/\/monassurancechasse.fr\/chasse-31\/wp-json\/wp\/v2\/pages\/175\/revisions"}],"predecessor-version":[{"id":428,"href":"https:\/\/monassurancechasse.fr\/chasse-31\/wp-json\/wp\/v2\/pages\/175\/revisions\/428"}],"wp:attachment":[{"href":"https:\/\/monassurancechasse.fr\/chasse-31\/wp-json\/wp\/v2\/media?parent=175"}],"curies":[{"name":"wp","href":"https:\/\/api.w.org\/{rel}","templated":true}]}}